{"id":867,"date":"2025-11-20T09:52:29","date_gmt":"2025-11-20T08:52:29","guid":{"rendered":"https:\/\/jetzig.de\/?page_id=867"},"modified":"2026-03-03T08:50:24","modified_gmt":"2026-03-03T07:50:24","slug":"privacy-policy","status":"publish","type":"page","link":"https:\/\/jetzig.de\/de\/privacy-policy","title":{"rendered":"Datenschutzerkl\u00e4rung"},"content":{"rendered":"<div data-elementor-type=\"wp-page\" data-elementor-id=\"867\" class=\"elementor elementor-867\" data-elementor-post-type=\"page\">\n\t\t\t\t<section class=\"elementor-element elementor-element-047004a e-con-full e-flex e-con e-parent\" data-id=\"047004a\" data-element_type=\"container\" data-e-type=\"container\" data-settings=\"{&quot;background_background&quot;:&quot;classic&quot;}\">\n\t\t\t\t<div class=\"elementor-element elementor-element-86b3686 elementor-widget elementor-widget-heading\" data-id=\"86b3686\" data-element_type=\"widget\" data-e-type=\"widget\" data-widget_type=\"heading.default\">\n\t\t\t\t\t<h1 class=\"elementor-heading-title elementor-size-default\">Datenschutzerkl\u00e4rung<\/h1>\t\t\t\t<\/div>\n\t\t\t\t<div class=\"elementor-element elementor-element-c6fd72a elementor-widget elementor-widget-text-editor\" data-id=\"c6fd72a\" data-element_type=\"widget\" data-e-type=\"widget\" data-widget_type=\"text-editor.default\">\n\t\t\t\t\t\t\t\t\t<p>Der Schutz Ihrer personenbezogenen Daten ist mir wichtig. Diese Website verarbeitet personenbezogene Daten nur im erforderlichen Umfang. Rechtsgrundlage hierf\u00fcr sind die DSGVO und das BDSG.<\/p>\t\t\t\t\t\t\t\t<\/div>\n\t\t\t\t<div class=\"elementor-element elementor-element-fb10f18 emphasis elementor-widget elementor-widget-text-editor\" data-id=\"fb10f18\" data-element_type=\"widget\" data-e-type=\"widget\" data-widget_type=\"text-editor.default\">\n\t\t\t\t\t\t\t\t\t<p>Verantwortlicher<\/p>\t\t\t\t\t\t\t\t<\/div>\n\t\t\t\t<div class=\"elementor-element elementor-element-007ea4e elementor-widget elementor-widget-text-editor\" data-id=\"007ea4e\" data-element_type=\"widget\" data-e-type=\"widget\" data-widget_type=\"text-editor.default\">\n\t\t\t\t\t\t\t\t\t<p class=\"translation-block\">Der f\u00fcr die Datenverarbeitung auf dieser Website Verantwortliche ist:<br>Michael Jetzig<br>Kirchbergstr. 8a<br>E-Mail: <a href=\"mailto:contact@jetzig.de\" target=\"_self\">contact@jetzig.de<\/a><\/p>\t\t\t\t\t\t\t\t<\/div>\n\t\t\t\t<div class=\"elementor-element elementor-element-8f26384 emphasis elementor-widget elementor-widget-text-editor\" data-id=\"8f26384\" data-element_type=\"widget\" data-e-type=\"widget\" data-widget_type=\"text-editor.default\">\n\t\t\t\t\t\t\t\t\t<p>Erhebung und Speicherung personenbezogener Daten und Zweck der Verarbeitung<\/p>\t\t\t\t\t\t\t\t<\/div>\n\t\t\t\t<div class=\"elementor-element elementor-element-67d9d43 elementor-widget elementor-widget-text-editor\" data-id=\"67d9d43\" data-element_type=\"widget\" data-e-type=\"widget\" data-widget_type=\"text-editor.default\">\n\t\t\t\t\t\t\t\t\tBeim Besuch dieser Website werden keine personenbezogenen Daten erhoben, mit Ausnahme der Informationen, die Ihr Browser automatisch an den Server \u00fcbermittelt (Server-Logfiles):\n<ul>\n<li>Browsertyp und -version\n<li>Verwendetes Betriebssystem\n<li>Verweisende URL\n<li>Hostname des zugreifenden Ger\u00e4ts\n<li>Zeitpunkt der Serveranfrage\n<\/ul>\n<p>\nDiese Daten sind technisch notwendig, um die Website korrekt anzuzeigen und Stabilit\u00e4t und Sicherheit zu gew\u00e4hrleisten.<\/p><p>\nSie werden nicht zu Marketing- oder Profilingzwecken analysiert.<\/p>\t\t\t\t\t\t\t\t<\/div>\n\t\t\t\t<div class=\"elementor-element elementor-element-8426372 emphasis elementor-widget elementor-widget-text-editor\" data-id=\"8426372\" data-element_type=\"widget\" data-e-type=\"widget\" data-widget_type=\"text-editor.default\">\n\t\t\t\t\t\t\t\t\t<p>Cookies<\/p>\t\t\t\t\t\t\t\t<\/div>\n\t\t\t\t<div class=\"elementor-element elementor-element-bd589f8 elementor-widget elementor-widget-text-editor\" data-id=\"bd589f8\" data-element_type=\"widget\" data-e-type=\"widget\" data-widget_type=\"text-editor.default\">\n\t\t\t\t\t\t\t\t\t<p class=\"translation-block\">Diese Website verwendet keine Cookies, die personenbezogene Daten f\u00fcr Analyse- oder Marketingzwecke verarbeiten. Es d\u00fcrfen nur technisch notwendige Cookies verwendet werden (sofern diese f\u00fcr die Grundfunktionalit\u00e4t erforderlich sind).<\/p>\t\t\t\t\t\t\t\t<\/div>\n\t\t\t\t<div class=\"elementor-element elementor-element-5e154ed emphasis elementor-widget elementor-widget-text-editor\" data-id=\"5e154ed\" data-element_type=\"widget\" data-e-type=\"widget\" data-widget_type=\"text-editor.default\">\n\t\t\t\t\t\t\t\t\t<p>Schriftarten und externe Inhalte<\/p>\t\t\t\t\t\t\t\t<\/div>\n\t\t\t\t<div class=\"elementor-element elementor-element-f182569 elementor-widget elementor-widget-text-editor\" data-id=\"f182569\" data-element_type=\"widget\" data-e-type=\"widget\" data-widget_type=\"text-editor.default\">\n\t\t\t\t\t\t\t\t\t<p class=\"translation-block\">Alle Schriftarten (einschlie\u00dflich Google Fonts) werden lokal auf meinem eigenen Server gehostet.<br>Es wird keine Verbindung zu externen Servern wie Google hergestellt.<br>Diese Website l\u00e4dt keine externen Inhalte, wie zum Beispiel:<\/p><ul><li>Analysetools<\/li><li>Tracking-Dienste<\/li><li>Social-Media-Plugins<\/li><li>Externe Skripte<\/li><li>Eingebettete Karten oder Videos<\/li><li>APIs von Drittanbietern<\/li><\/ul>\t\t\t\t\t\t\t\t<\/div>\n\t\t\t\t<div class=\"elementor-element elementor-element-4c99815 emphasis elementor-widget elementor-widget-text-editor\" data-id=\"4c99815\" data-element_type=\"widget\" data-e-type=\"widget\" data-widget_type=\"text-editor.default\">\n\t\t\t\t\t\t\t\t\t<p>Kontakt per E-Mail<\/p>\t\t\t\t\t\t\t\t<\/div>\n\t\t\t\t<div class=\"elementor-element elementor-element-5e2d8fc elementor-widget elementor-widget-text-editor\" data-id=\"5e2d8fc\" data-element_type=\"widget\" data-e-type=\"widget\" data-widget_type=\"text-editor.default\">\n\t\t\t\t\t\t\t\t\t<p class=\"translation-block\">Wenn Sie mich per E-Mail kontaktieren, werden die von Ihnen angegebenen Daten (E-Mail-Adresse, Inhalt der Nachricht und etwaige zus\u00e4tzliche Informationen) zum Zweck der Bearbeitung Ihrer Anfrage gespeichert. Diese Daten werden ohne Ihre Zustimmung nicht weitergegeben.<\/p>\t\t\t\t\t\t\t\t<\/div>\n\t\t\t\t<div class=\"elementor-element elementor-element-525e713 emphasis elementor-widget elementor-widget-text-editor\" data-id=\"525e713\" data-element_type=\"widget\" data-e-type=\"widget\" data-widget_type=\"text-editor.default\">\n\t\t\t\t\t\t\t\t\t<p>Offenlegung von Daten<\/p>\t\t\t\t\t\t\t\t<\/div>\n\t\t\t\t<div class=\"elementor-element elementor-element-8bd3384 elementor-widget elementor-widget-text-editor\" data-id=\"8bd3384\" data-element_type=\"widget\" data-e-type=\"widget\" data-widget_type=\"text-editor.default\">\n\t\t\t\t\t\t\t\t\t<p>Es werden keine personenbezogenen Daten an Dritte weitergegeben, es sei denn, dies ist gesetzlich vorgeschrieben oder zur Erf\u00fcllung Ihrer Anfrage erforderlich.<\/p>\t\t\t\t\t\t\t\t<\/div>\n\t\t\t\t<div class=\"elementor-element elementor-element-f3841bf emphasis elementor-widget elementor-widget-text-editor\" data-id=\"f3841bf\" data-element_type=\"widget\" data-e-type=\"widget\" data-widget_type=\"text-editor.default\">\n\t\t\t\t\t\t\t\t\t<p>Ihre Rechte<\/p>\t\t\t\t\t\t\t\t<\/div>\n\t\t\t\t<div class=\"elementor-element elementor-element-1222753 elementor-widget elementor-widget-text-editor\" data-id=\"1222753\" data-element_type=\"widget\" data-e-type=\"widget\" data-widget_type=\"text-editor.default\">\n\t\t\t\t\t\t\t\t\t<p>Sie haben gem\u00e4\u00df der DSGVO folgende Rechte:<\/p><ul><li>Recht auf Zugang<\/li><li>Recht auf Berichtigung<\/li><li>Recht auf L\u00f6schung<\/li><li>Recht auf Einschr\u00e4nkung der Verarbeitung<\/li><li>Widerspruchsrecht<\/li><li>Recht auf Daten\u00fcbertragbarkeit<\/li><\/ul><p>Um diese Rechte auszu\u00fcben, wenden Sie sich bitte an:\u00a0<a href=\"mailto:contact@jetzig.de\">contact@jetzig.de<\/a><\/p>\t\t\t\t\t\t\t\t<\/div>\n\t\t\t\t<div class=\"elementor-element elementor-element-5da01d4 emphasis elementor-widget elementor-widget-text-editor\" data-id=\"5da01d4\" data-element_type=\"widget\" data-e-type=\"widget\" data-widget_type=\"text-editor.default\">\n\t\t\t\t\t\t\t\t\t<p>Aktualisierungen dieser Datenschutzerkl\u00e4rung<\/p>\t\t\t\t\t\t\t\t<\/div>\n\t\t\t\t<div class=\"elementor-element elementor-element-eac4a0d elementor-widget elementor-widget-text-editor\" data-id=\"eac4a0d\" data-element_type=\"widget\" data-e-type=\"widget\" data-widget_type=\"text-editor.default\">\n\t\t\t\t\t\t\t\t\tDiese Datenschutzerkl\u00e4rung ist aktuell g\u00fcltig und wurde zuletzt im Dezember 2025 aktualisiert.\nIch behalte mir das Recht vor, diese Erkl\u00e4rung im Falle technischer \u00c4nderungen oder gesetzlicher Anforderungen zu aktualisieren.\t\t\t\t\t\t\t\t<\/div>\n\t\t\t\t<\/section>\n\t\t\t\t<\/div>","protected":false},"excerpt":{"rendered":"<p>Privacy Policy The protection of your personal data is important to me. This website only processes personal data to the [&hellip;]<\/p>\n","protected":false},"author":2,"featured_media":0,"parent":0,"menu_order":0,"comment_status":"closed","ping_status":"closed","template":"","meta":{"site-sidebar-layout":"no-sidebar","site-content-layout":"","ast-site-content-layout":"full-width-container","site-content-style":"default","site-sidebar-style":"default","ast-global-header-display":"","ast-banner-title-visibility":"","ast-main-header-display":"","ast-hfb-above-header-display":"","ast-hfb-below-header-display":"","ast-hfb-mobile-header-display":"","site-post-title":"","ast-breadcrumbs-content":"","ast-featured-img":"disabled","footer-sml-layout":"","ast-disable-related-posts":"","theme-transparent-header-meta":"","adv-header-id-meta":"","stick-header-meta":"","header-above-stick-meta":"","header-main-stick-meta":"","header-below-stick-meta":"","astra-migrate-meta-layouts":"default","ast-page-background-enabled":"default","ast-page-background-meta":{"desktop":{"background-color":"var(--ast-global-color-5)","background-image":"","background-repeat":"repeat","background-position":"center center","background-size":"auto","background-attachment":"scroll","background-type":"","background-media":"","overlay-type":"","overlay-color":"","overlay-opacity":"","overlay-gradient":""},"tablet":{"background-color":"","background-image":"","background-repeat":"repeat","background-position":"center center","background-size":"auto","background-attachment":"scroll","background-type":"","background-media":"","overlay-type":"","overlay-color":"","overlay-opacity":"","overlay-gradient":""},"mobile":{"background-color":"","background-image":"","background-repeat":"repeat","background-position":"center center","background-size":"auto","background-attachment":"scroll","background-type":"","background-media":"","overlay-type":"","overlay-color":"","overlay-opacity":"","overlay-gradient":""}},"ast-content-background-meta":{"desktop":{"background-color":"var(--ast-global-color-4)","background-image":"","background-repeat":"repeat","background-position":"center center","background-size":"auto","background-attachment":"scroll","background-type":"","background-media":"","overlay-type":"","overlay-color":"","overlay-opacity":"","overlay-gradient":""},"tablet":{"background-color":"var(--ast-global-color-4)","background-image":"","background-repeat":"repeat","background-position":"center center","background-size":"auto","background-attachment":"scroll","background-type":"","background-media":"","overlay-type":"","overlay-color":"","overlay-opacity":"","overlay-gradient":""},"mobile":{"background-color":"var(--ast-global-color-4)","background-image":"","background-repeat":"repeat","background-position":"center center","background-size":"auto","background-attachment":"scroll","background-type":"","background-media":"","overlay-type":"","overlay-color":"","overlay-opacity":"","overlay-gradient":""}},"footnotes":""},"class_list":["post-867","page","type-page","status-publish","hentry"],"_links":{"self":[{"href":"https:\/\/jetzig.de\/de\/wp-json\/wp\/v2\/pages\/867","targetHints":{"allow":["GET"]}}],"collection":[{"href":"https:\/\/jetzig.de\/de\/wp-json\/wp\/v2\/pages"}],"about":[{"href":"https:\/\/jetzig.de\/de\/wp-json\/wp\/v2\/types\/page"}],"author":[{"embeddable":true,"href":"https:\/\/jetzig.de\/de\/wp-json\/wp\/v2\/users\/2"}],"replies":[{"embeddable":true,"href":"https:\/\/jetzig.de\/de\/wp-json\/wp\/v2\/comments?post=867"}],"version-history":[{"count":90,"href":"https:\/\/jetzig.de\/de\/wp-json\/wp\/v2\/pages\/867\/revisions"}],"predecessor-version":[{"id":2267,"href":"https:\/\/jetzig.de\/de\/wp-json\/wp\/v2\/pages\/867\/revisions\/2267"}],"wp:attachment":[{"href":"https:\/\/jetzig.de\/de\/wp-json\/wp\/v2\/media?parent=867"}],"curies":[{"name":"wp","href":"https:\/\/api.w.org\/{rel}","templated":true}]}}